{"id":2,"date":"2022-10-22T14:50:07","date_gmt":"2022-10-22T14:50:07","guid":{"rendered":"https:\/\/casaloca.dk\/?page_id=2"},"modified":"2024-12-16T20:07:52","modified_gmt":"2024-12-16T20:07:52","slug":"sample-page","status":"publish","type":"page","link":"https:\/\/casaloca.dk\/index.php\/sample-page\/","title":{"rendered":"Kontakt Os"},"content":{"rendered":"\n<p>K\u00e6re medlem<\/p>\n\n\n\n<p>Hvis du er interesseret i at deltage i en af vores hold, s\u00e5 skriv enten en mail eller ring p\u00e5 telefonen. S\u00e5 giver vi svar p\u00e5, om der er ledigt.<\/p>\n\n\n\n<p>Vi kan blive kontaktet p\u00e5 telefonen alle hverdage fra 9:00 til 18:00 og vi svare p\u00e5 alle mails om mandagen.<\/p>\n\n\n\n<p><\/p>\n\n\n\n<p class=\"has-background-color has-primary-background-color has-text-color has-background has-system-font-font-family has-x-large-font-size\" style=\"font-style:italic;font-weight:900;text-decoration:underline;text-transform:lowercase\"><strong><em>MySocial@gmail.com<\/em><\/strong><\/p>\n\n\n\n<p class=\"has-background-color has-primary-background-color has-text-color has-background has-system-font-font-family has-x-large-font-size\" style=\"font-style:italic;font-weight:900;text-decoration:underline;text-transform:lowercase\"><strong><em>Telefon: 30 61 68 <\/em>69<\/strong><\/p>\n\n\n\n<p><\/p>\n\n\n\n<p class=\"has-foreground-color has-background-background-color has-text-color has-background has-link-color has-medium-font-size wp-elements-b67e3a5a88cf178dadc4fece6050011a\" style=\"font-style:normal;font-weight:300\"><\/p>\n\n\n\n<h2 class=\"wp-block-heading\">Venlig Hilsen MySocial Crew &#8211; <em>Vi h\u00e5ber du nyder aktiviteterne<\/em><\/h2>\n","protected":false},"excerpt":{"rendered":"<p>K\u00e6re medlem Hvis du er interesseret i at deltage i en af vores hold, s\u00e5 skriv enten en mail eller ring p\u00e5 telefonen. S\u00e5 giver vi svar p\u00e5, om der er ledigt. Vi kan blive kontaktet p\u00e5 telefonen alle hverdage fra 9:00 til 18:00 og vi svare p\u00e5 alle mails om mandagen. MySocial@gmail.com Telefon: 30 [&hellip;]<\/p>\n","protected":false},"author":1,"featured_media":0,"parent":0,"menu_order":0,"comment_status":"closed","ping_status":"open","template":"","meta":{"footnotes":""},"class_list":["post-2","page","type-page","status-publish","hentry"],"_links":{"self":[{"href":"https:\/\/casaloca.dk\/index.php\/wp-json\/wp\/v2\/pages\/2","targetHints":{"allow":["GET"]}}],"collection":[{"href":"https:\/\/casaloca.dk\/index.php\/wp-json\/wp\/v2\/pages"}],"about":[{"href":"https:\/\/casaloca.dk\/index.php\/wp-json\/wp\/v2\/types\/page"}],"author":[{"embeddable":true,"href":"https:\/\/casaloca.dk\/index.php\/wp-json\/wp\/v2\/users\/1"}],"replies":[{"embeddable":true,"href":"https:\/\/casaloca.dk\/index.php\/wp-json\/wp\/v2\/comments?post=2"}],"version-history":[{"count":11,"href":"https:\/\/casaloca.dk\/index.php\/wp-json\/wp\/v2\/pages\/2\/revisions"}],"predecessor-version":[{"id":73,"href":"https:\/\/casaloca.dk\/index.php\/wp-json\/wp\/v2\/pages\/2\/revisions\/73"}],"wp:attachment":[{"href":"https:\/\/casaloca.dk\/index.php\/wp-json\/wp\/v2\/media?parent=2"}],"curies":[{"name":"wp","href":"https:\/\/api.w.org\/{rel}","templated":true}]}}